{"id":701,"date":"2022-05-16T15:38:38","date_gmt":"2022-05-16T13:38:38","guid":{"rendered":"http:\/\/xookom.com\/?page_id=701"},"modified":"2023-03-12T19:46:44","modified_gmt":"2023-03-12T18:46:44","slug":"marketing","status":"publish","type":"page","link":"https:\/\/www.xookom.com\/?page_id=701","title":{"rendered":"Marketing"},"content":{"rendered":"\t\t<div data-elementor-type=\"wp-page\" data-elementor-id=\"701\" class=\"elementor elementor-701\">\n\t\t\t\t\t\t<section class=\"elementor-section elementor-top-section elementor-element elementor-element-7685f57 elementor-section-boxed elementor-section-height-default elementor-section-height-default\" data-id=\"7685f57\" data-element_type=\"section\">\n\t\t\t\t\t\t<div class=\"elementor-container elementor-column-gap-default\">\n\t\t\t\t\t<div class=\"elementor-column elementor-col-100 elementor-top-column elementor-element elementor-element-6d64729\" data-id=\"6d64729\" data-element_type=\"column\">\n\t\t\t<div class=\"elementor-widget-wrap elementor-element-populated\">\n\t\t\t\t\t\t<div class=\"elementor-element elementor-element-1326111 elementor-widget elementor-widget-image\" data-id=\"1326111\" data-element_type=\"widget\" data-widget_type=\"image.default\">\n\t\t\t\t<div class=\"elementor-widget-container\">\n\t\t\t\t\t\t\t\t\t\t\t\t\t<img fetchpriority=\"high\" decoding=\"async\" width=\"740\" height=\"740\" src=\"https:\/\/www.xookom.com\/wp-content\/uploads\/2023\/03\/marketing-XOOKOM.webp\" class=\"attachment-large size-large wp-image-875\" alt=\"Marketing\" srcset=\"https:\/\/www.xookom.com\/wp-content\/uploads\/2023\/03\/marketing-XOOKOM.webp 740w, https:\/\/www.xookom.com\/wp-content\/uploads\/2023\/03\/marketing-XOOKOM-300x300.webp 300w, https:\/\/www.xookom.com\/wp-content\/uploads\/2023\/03\/marketing-XOOKOM-150x150.webp 150w\" sizes=\"(max-width: 740px) 100vw, 740px\" \/>\t\t\t\t\t\t\t\t\t\t\t\t\t<\/div>\n\t\t\t\t<\/div>\n\t\t\t\t\t<\/div>\n\t\t<\/div>\n\t\t\t\t\t<\/div>\n\t\t<\/section>\n\t\t\t\t<section class=\"elementor-section elementor-top-section elementor-element elementor-element-e3fb3a0 elementor-section-boxed elementor-section-height-default elementor-section-height-default\" data-id=\"e3fb3a0\" data-element_type=\"section\">\n\t\t\t\t\t\t<div class=\"elementor-container elementor-column-gap-default\">\n\t\t\t\t\t<div class=\"elementor-column elementor-col-100 elementor-top-column elementor-element elementor-element-58fb915\" data-id=\"58fb915\" data-element_type=\"column\">\n\t\t\t<div class=\"elementor-widget-wrap elementor-element-populated\">\n\t\t\t\t\t\t<div class=\"elementor-element elementor-element-9537ab8 elementor-widget elementor-widget-text-editor\" data-id=\"9537ab8\" data-element_type=\"widget\" data-widget_type=\"text-editor.default\">\n\t\t\t\t<div class=\"elementor-widget-container\">\n\t\t\t\t\t\t\t<h2 dir=\"ltr\" style=\"line-height: 1.44; background-color: #ffffff; margin-top: 0pt; margin-bottom: 0pt; padding: 0pt 0pt 4pt 0pt;\"><span style=\"font-size: 17pt; font-family: Arial; color: #333333; background-color: transparent; font-weight: bold; font-style: normal; font-variant: normal; text-decoration: none; vertical-align: baseline; white-space: pre-wrap;\">Vous cherchez un bon conseiller marketing ?<\/span><\/h2>\n<p dir=\"ltr\" style=\"line-height: 1.38; background-color: #ffffff; margin-top: 0pt; margin-bottom: 0pt; padding: 0pt 0pt 11pt 0pt;\"><span style=\"font-size: 10.5pt; font-family: Arial; color: #777777; background-color: transparent; font-weight: 400; font-style: normal; font-variant: normal; text-decoration: none; vertical-align: baseline; white-space: pre-wrap;\">\u00c7a tombe bien, nous sommes toujours \u00e0 la recherche d&#8217;excellents clients.<\/span><\/p>\n<p dir=\"ltr\" style=\"line-height: 1.38; background-color: #ffffff; margin-top: 0pt; margin-bottom: 0pt; padding: 0pt 0pt 11pt 0pt;\"><span style=\"font-size: 10.5pt; font-family: Arial; color: #777777; background-color: transparent; font-weight: 400; font-style: normal; font-variant: normal; text-decoration: none; vertical-align: baseline; white-space: pre-wrap;\">Pour assurer le d\u00e9veloppement de votre marque, cr\u00e9er des outils de communication qui vendent ou faire de votre site web un succ\u00e8s, faites appel \u00e0 notre \u00e9quipe.<\/span><\/p>\n<h3 dir=\"ltr\" style=\"line-height: 1.32; background-color: #ffffff; margin-top: 0pt; margin-bottom: 0pt; padding: 0pt 0pt 4pt 0pt;\"><span style=\"font-size: 13pt; font-family: Arial; color: #333333; background-color: transparent; font-weight: bold; font-style: normal; font-variant: normal; text-decoration: none; vertical-align: baseline; white-space: pre-wrap;\">Strat\u00e9gie :<\/span><\/h3>\n<p dir=\"ltr\" style=\"line-height: 1.38; background-color: #ffffff; margin-top: 0pt; margin-bottom: 0pt; padding: 0pt 0pt 11pt 0pt;\"><span style=\"font-size: 10.5pt; font-family: Arial; color: #777777; background-color: transparent; font-weight: 400; font-style: normal; font-variant: normal; text-decoration: none; vertical-align: baseline; white-space: pre-wrap;\">Diagnostic marketing, planification strat\u00e9gique ou plan d\u2019action tactique sur mesure : nos strat\u00e8ges vous guident et vous conseillent. Nous offrons \u00e9galement des programmes d\u2019accompagnement ainsi que du coaching.<\/span><\/p>\n<h3 dir=\"ltr\" style=\"line-height: 1.32; background-color: #ffffff; margin-top: 0pt; margin-bottom: 0pt; padding: 0pt 0pt 4pt 0pt;\"><span style=\"font-size: 13pt; font-family: Arial; color: #333333; background-color: transparent; font-weight: bold; font-style: normal; font-variant: normal; text-decoration: none; vertical-align: baseline; white-space: pre-wrap;\">Image :<\/span><\/h3>\n<p dir=\"ltr\" style=\"line-height: 1.38; background-color: #ffffff; margin-top: 0pt; margin-bottom: 0pt; padding: 0pt 0pt 11pt 0pt;\"><span style=\"font-size: 10.5pt; font-family: Arial; color: #777777; background-color: transparent; font-weight: 400; font-style: normal; font-variant: normal; text-decoration: none; vertical-align: baseline; white-space: pre-wrap;\">Si vous cherchez \u00e0 cr\u00e9er une marque ou \u00e0 renouveler votre branding ? Vous frappez \u00e0 la bonne porte ! Nos cr\u00e9atifs ont d\u00e9velopp\u00e9 une expertise \u00e9prouv\u00e9e \u00e0 travers de nombreux mandats d\u2019identit\u00e9 visuelle pour des entreprises comme la v\u00f4tre.<\/span><\/p>\n<h3 dir=\"ltr\" style=\"line-height: 1.32; background-color: #ffffff; margin-top: 0pt; margin-bottom: 0pt; padding: 0pt 0pt 4pt 0pt;\"><span style=\"font-size: 13pt; font-family: Arial; color: #333333; background-color: transparent; font-weight: bold; font-style: normal; font-variant: normal; text-decoration: none; vertical-align: baseline; white-space: pre-wrap;\">Web :<\/span><\/h3>\n<p><\/p>\n<p dir=\"ltr\" style=\"line-height: 1.38; background-color: #ffffff; margin-top: 0pt; margin-bottom: 11pt;\"><span style=\"font-size: 10.5pt; font-family: Arial; color: #777777; background-color: transparent; font-weight: 400; font-style: normal; font-variant: normal; text-decoration: none; vertical-align: baseline; white-space: pre-wrap;\">Le marketing num\u00e9rique se d\u00e9ploie aujourd\u2019hui bien au-del\u00e0 de votre site web. En plus de nos services de conception de site Internet, nous prenons en charge vos infolettres, votre blog, votre r\u00e9f\u00e9rencement et votre promotion.<\/span><\/p>\t\t\t\t\t\t<\/div>\n\t\t\t\t<\/div>\n\t\t\t\t\t<\/div>\n\t\t<\/div>\n\t\t\t\t\t<\/div>\n\t\t<\/section>\n\t\t\t\t<\/div>\n\t\t","protected":false},"excerpt":{"rendered":"<p>Vous cherchez un bon conseiller marketing ? \u00c7a tombe bien, nous sommes toujours \u00e0 la recherche d&#8217;excellents clients. Pour assurer le d\u00e9veloppement de votre marque, cr\u00e9er des outils de communication qui vendent ou faire de votre site web un succ\u00e8s, faites appel \u00e0 notre \u00e9quipe. Strat\u00e9gie : Diagnostic marketing, planification strat\u00e9gique ou plan d\u2019action tactique<br \/><a class=\"moretag\" href=\"https:\/\/www.xookom.com\/?page_id=701\">+ Read More<\/a><\/p>\n","protected":false},"author":3,"featured_media":0,"parent":0,"menu_order":0,"comment_status":"closed","ping_status":"closed","template":"templates\/page-nosidebar_template.php","meta":{"footnotes":""},"class_list":["post-701","page","type-page","status-publish","hentry"],"_links":{"self":[{"href":"https:\/\/www.xookom.com\/index.php?rest_route=\/wp\/v2\/pages\/701","targetHints":{"allow":["GET"]}}],"collection":[{"href":"https:\/\/www.xookom.com\/index.php?rest_route=\/wp\/v2\/pages"}],"about":[{"href":"https:\/\/www.xookom.com\/index.php?rest_route=\/wp\/v2\/types\/page"}],"author":[{"embeddable":true,"href":"https:\/\/www.xookom.com\/index.php?rest_route=\/wp\/v2\/users\/3"}],"replies":[{"embeddable":true,"href":"https:\/\/www.xookom.com\/index.php?rest_route=%2Fwp%2Fv2%2Fcomments&post=701"}],"version-history":[{"count":19,"href":"https:\/\/www.xookom.com\/index.php?rest_route=\/wp\/v2\/pages\/701\/revisions"}],"predecessor-version":[{"id":878,"href":"https:\/\/www.xookom.com\/index.php?rest_route=\/wp\/v2\/pages\/701\/revisions\/878"}],"wp:attachment":[{"href":"https:\/\/www.xookom.com\/index.php?rest_route=%2Fwp%2Fv2%2Fmedia&parent=701"}],"curies":[{"name":"wp","href":"https:\/\/api.w.org\/{rel}","templated":true}]}}