{"id":707,"date":"2022-05-16T15:39:49","date_gmt":"2022-05-16T13:39:49","guid":{"rendered":"http:\/\/xookom.com\/?page_id=707"},"modified":"2023-03-12T20:40:28","modified_gmt":"2023-03-12T19:40:28","slug":"referencement-naturel","status":"publish","type":"page","link":"https:\/\/www.xookom.com\/?page_id=707","title":{"rendered":"R\u00e9f\u00e9rencement naturel"},"content":{"rendered":"\t\t<div data-elementor-type=\"wp-page\" data-elementor-id=\"707\" class=\"elementor elementor-707\">\n\t\t\t\t\t\t<section class=\"elementor-section elementor-top-section elementor-element elementor-element-d710e40 elementor-section-boxed elementor-section-height-default elementor-section-height-default\" data-id=\"d710e40\" data-element_type=\"section\">\n\t\t\t\t\t\t<div class=\"elementor-container elementor-column-gap-default\">\n\t\t\t\t\t<div class=\"elementor-column elementor-col-100 elementor-top-column elementor-element elementor-element-aaa290e\" data-id=\"aaa290e\" data-element_type=\"column\">\n\t\t\t<div class=\"elementor-widget-wrap elementor-element-populated\">\n\t\t\t\t\t\t<div class=\"elementor-element elementor-element-bc500ea elementor-widget elementor-widget-text-editor\" data-id=\"bc500ea\" data-element_type=\"widget\" data-widget_type=\"text-editor.default\">\n\t\t\t\t<div class=\"elementor-widget-container\">\n\t\t\t\t\t\t\t<p>R\u00e9f\u00e9rencement local<\/p><p>Refonte de site<\/p><p>R\u00e9f\u00e9rencement e-commerce<\/p>\t\t\t\t\t\t<\/div>\n\t\t\t\t<\/div>\n\t\t\t\t\t<\/div>\n\t\t<\/div>\n\t\t\t\t\t<\/div>\n\t\t<\/section>\n\t\t\t\t<section class=\"elementor-section elementor-top-section elementor-element elementor-element-28b53a3 elementor-section-boxed elementor-section-height-default elementor-section-height-default\" data-id=\"28b53a3\" data-element_type=\"section\">\n\t\t\t\t\t\t<div class=\"elementor-container elementor-column-gap-default\">\n\t\t\t\t\t<div class=\"elementor-column elementor-col-100 elementor-top-column elementor-element elementor-element-c979404\" data-id=\"c979404\" data-element_type=\"column\">\n\t\t\t<div class=\"elementor-widget-wrap elementor-element-populated\">\n\t\t\t\t\t\t<div class=\"elementor-element elementor-element-d16c336 elementor-widget elementor-widget-image\" data-id=\"d16c336\" data-element_type=\"widget\" data-widget_type=\"image.default\">\n\t\t\t\t<div class=\"elementor-widget-container\">\n\t\t\t\t\t\t\t\t\t\t\t\t\t<img fetchpriority=\"high\" decoding=\"async\" width=\"768\" height=\"512\" src=\"https:\/\/www.xookom.com\/wp-content\/uploads\/2023\/03\/market-launch-concept-illustration_114360-2979-768x512-1.webp\" class=\"attachment-large size-large wp-image-892\" alt=\"\" srcset=\"https:\/\/www.xookom.com\/wp-content\/uploads\/2023\/03\/market-launch-concept-illustration_114360-2979-768x512-1.webp 768w, https:\/\/www.xookom.com\/wp-content\/uploads\/2023\/03\/market-launch-concept-illustration_114360-2979-768x512-1-300x200.webp 300w\" sizes=\"(max-width: 768px) 100vw, 768px\" \/>\t\t\t\t\t\t\t\t\t\t\t\t\t<\/div>\n\t\t\t\t<\/div>\n\t\t\t\t\t<\/div>\n\t\t<\/div>\n\t\t\t\t\t<\/div>\n\t\t<\/section>\n\t\t\t\t<\/div>\n\t\t","protected":false},"excerpt":{"rendered":"<p>R\u00e9f\u00e9rencement local Refonte de site R\u00e9f\u00e9rencement e-commerce<\/p>\n","protected":false},"author":3,"featured_media":0,"parent":0,"menu_order":0,"comment_status":"closed","ping_status":"closed","template":"templates\/page-nosidebar_template.php","meta":{"footnotes":""},"class_list":["post-707","page","type-page","status-publish","hentry"],"_links":{"self":[{"href":"https:\/\/www.xookom.com\/index.php?rest_route=\/wp\/v2\/pages\/707","targetHints":{"allow":["GET"]}}],"collection":[{"href":"https:\/\/www.xookom.com\/index.php?rest_route=\/wp\/v2\/pages"}],"about":[{"href":"https:\/\/www.xookom.com\/index.php?rest_route=\/wp\/v2\/types\/page"}],"author":[{"embeddable":true,"href":"https:\/\/www.xookom.com\/index.php?rest_route=\/wp\/v2\/users\/3"}],"replies":[{"embeddable":true,"href":"https:\/\/www.xookom.com\/index.php?rest_route=%2Fwp%2Fv2%2Fcomments&post=707"}],"version-history":[{"count":7,"href":"https:\/\/www.xookom.com\/index.php?rest_route=\/wp\/v2\/pages\/707\/revisions"}],"predecessor-version":[{"id":895,"href":"https:\/\/www.xookom.com\/index.php?rest_route=\/wp\/v2\/pages\/707\/revisions\/895"}],"wp:attachment":[{"href":"https:\/\/www.xookom.com\/index.php?rest_route=%2Fwp%2Fv2%2Fmedia&parent=707"}],"curies":[{"name":"wp","href":"https:\/\/api.w.org\/{rel}","templated":true}]}}