{"id":709,"date":"2022-05-16T15:40:21","date_gmt":"2022-05-16T13:40:21","guid":{"rendered":"http:\/\/xookom.com\/?page_id=709"},"modified":"2023-03-12T20:33:35","modified_gmt":"2023-03-12T19:33:35","slug":"referencement-local","status":"publish","type":"page","link":"https:\/\/www.xookom.com\/?page_id=709","title":{"rendered":"R\u00e9f\u00e9rencement local"},"content":{"rendered":"\t\t<div data-elementor-type=\"wp-page\" data-elementor-id=\"709\" class=\"elementor elementor-709\">\n\t\t\t\t\t\t<section class=\"elementor-section elementor-top-section elementor-element elementor-element-b92790d elementor-section-boxed elementor-section-height-default elementor-section-height-default\" data-id=\"b92790d\" data-element_type=\"section\">\n\t\t\t\t\t\t<div class=\"elementor-container elementor-column-gap-default\">\n\t\t\t\t\t<div class=\"elementor-column elementor-col-100 elementor-top-column elementor-element elementor-element-652dfa3\" data-id=\"652dfa3\" data-element_type=\"column\">\n\t\t\t<div class=\"elementor-widget-wrap elementor-element-populated\">\n\t\t\t\t\t\t<div class=\"elementor-element elementor-element-d325a37 elementor-widget elementor-widget-image\" data-id=\"d325a37\" data-element_type=\"widget\" data-widget_type=\"image.default\">\n\t\t\t\t<div class=\"elementor-widget-container\">\n\t\t\t\t\t\t\t\t\t\t\t\t\t<img fetchpriority=\"high\" decoding=\"async\" width=\"768\" height=\"512\" src=\"https:\/\/www.xookom.com\/wp-content\/uploads\/2023\/03\/optimisation.webp\" class=\"attachment-large size-large wp-image-896\" alt=\"\" srcset=\"https:\/\/www.xookom.com\/wp-content\/uploads\/2023\/03\/optimisation.webp 768w, https:\/\/www.xookom.com\/wp-content\/uploads\/2023\/03\/optimisation-300x200.webp 300w\" sizes=\"(max-width: 768px) 100vw, 768px\" \/>\t\t\t\t\t\t\t\t\t\t\t\t\t<\/div>\n\t\t\t\t<\/div>\n\t\t\t\t\t<\/div>\n\t\t<\/div>\n\t\t\t\t\t<\/div>\n\t\t<\/section>\n\t\t\t\t<section class=\"elementor-section elementor-top-section elementor-element elementor-element-f7dc4ef elementor-section-boxed elementor-section-height-default elementor-section-height-default\" data-id=\"f7dc4ef\" data-element_type=\"section\">\n\t\t\t\t\t\t<div class=\"elementor-container elementor-column-gap-default\">\n\t\t\t\t\t<div class=\"elementor-column elementor-col-100 elementor-top-column elementor-element elementor-element-9a331b7\" data-id=\"9a331b7\" data-element_type=\"column\">\n\t\t\t<div class=\"elementor-widget-wrap elementor-element-populated\">\n\t\t\t\t\t\t<div class=\"elementor-element elementor-element-1a96f3d elementor-widget elementor-widget-text-editor\" data-id=\"1a96f3d\" data-element_type=\"widget\" data-widget_type=\"text-editor.default\">\n\t\t\t\t<div class=\"elementor-widget-container\">\n\t\t\t\t\t\t\t<h2 dir=\"ltr\" style=\"line-height:1.44;background-color:#ffffff;margin-top:0pt;margin-bottom:0pt;padding:0pt 0pt 4pt 0pt;\"><span style=\"font-size:17pt;font-family:Arial;color:#333333;background-color:transparent;font-weight:700;font-style:normal;font-variant:normal;text-decoration:none;vertical-align:baseline;white-space:pre;white-space:pre-wrap;\">XOOKOM am\u00e9liore votre r\u00e9f\u00e9rencement local<\/span><\/h2>\n<p dir=\"ltr\" style=\"line-height:1.38;background-color:#ffffff;margin-top:0pt;margin-bottom:0pt;padding:0pt 0pt 11pt 0pt;\"><span style=\"font-size:10.5pt;font-family:Arial;color:#777777;background-color:transparent;font-weight:400;font-style:normal;font-variant:normal;text-decoration:none;vertical-align:baseline;white-space:pre;white-space:pre-wrap;\">Votre chiffre d\u2019affaires est structur\u00e9 sur une <\/span><span style=\"font-size:10.5pt;font-family:Arial;color:#777777;background-color:transparent;font-weight:700;font-style:normal;font-variant:normal;text-decoration:none;vertical-align:baseline;white-space:pre;white-space:pre-wrap;\">client\u00e8le de proximit\u00e9 <\/span><span style=\"font-size: 10.5pt; font-family: Arial; color: rgb(119, 119, 119); background-color: transparent; font-style: normal; font-variant: normal; text-decoration: none; vertical-align: baseline; white-space: pre-wrap;\">?<\/span><span style=\"font-size:10.5pt;font-family:Arial;color:#777777;background-color:transparent;font-weight:700;font-style:normal;font-variant:normal;text-decoration:none;vertical-align:baseline;white-space:pre;white-space:pre-wrap;\"> <\/span><span style=\"font-size:10.5pt;font-family:Arial;color:#777777;background-color:transparent;font-weight:400;font-style:normal;font-variant:normal;text-decoration:none;vertical-align:baseline;white-space:pre;white-space:pre-wrap;\">Vous&nbsp; intervenez et vous vous d\u00e9placez sur une zone pr\u00e9cis\u00e9ment d\u00e9limit\u00e9e ? Ne faites pas l\u2019impasse sur le <\/span><span style=\"font-size:10.5pt;font-family:Arial;color:#777777;background-color:transparent;font-weight:700;font-style:normal;font-variant:normal;text-decoration:none;vertical-align:baseline;white-space:pre;white-space:pre-wrap;\">r\u00e9f\u00e9rencement g\u00e9o-local<\/span><span style=\"font-size:10.5pt;font-family:Arial;color:#777777;background-color:transparent;font-weight:400;font-style:normal;font-variant:normal;text-decoration:none;vertical-align:baseline;white-space:pre;white-space:pre-wrap;\">.<\/span><\/p>\n<p><span id=\"docs-internal-guid-2e2ae6b6-7fff-fde4-46de-c4ef71815db4\"><span style=\"font-size: 10.5pt; font-family: Arial; color: rgb(119, 119, 119); font-variant-numeric: normal; font-variant-east-asian: normal; vertical-align: baseline; white-space: pre-wrap;\">Appara\u00eetre dans les r\u00e9sultats d\u2019une recherche g\u00e9olocalis\u00e9e est un enjeu majeur pour votre activit\u00e9 et repr\u00e9sente une bonne chose en termes d\u2019opportunit\u00e9s business. Nous vous accompagnons pour am\u00e9liorer votre r\u00e9f\u00e9rencement. Confiez votre visibilit\u00e9 locale \u00e0 votre <\/span><span style=\"font-size: 10.5pt; font-family: Arial; color: rgb(119, 119, 119); font-weight: 700; font-variant-numeric: normal; font-variant-east-asian: normal; vertical-align: baseline; white-space: pre-wrap;\">agence de r\u00e9f\u00e9rencement web<\/span><span style=\"font-size: 10.5pt; font-family: Arial; color: rgb(119, 119, 119); font-variant-numeric: normal; font-variant-east-asian: normal; vertical-align: baseline; white-space: pre-wrap;\"> pour profiter des meilleures techniques de r\u00e9f\u00e9rencement.<\/span><\/span><br><\/p>\t\t\t\t\t\t<\/div>\n\t\t\t\t<\/div>\n\t\t\t\t\t<\/div>\n\t\t<\/div>\n\t\t\t\t\t<\/div>\n\t\t<\/section>\n\t\t\t\t<\/div>\n\t\t","protected":false},"excerpt":{"rendered":"<p>XOOKOM am\u00e9liore votre r\u00e9f\u00e9rencement local Votre chiffre d\u2019affaires est structur\u00e9 sur une client\u00e8le de proximit\u00e9 ? Vous&nbsp; intervenez et vous vous d\u00e9placez sur une zone pr\u00e9cis\u00e9ment d\u00e9limit\u00e9e ? Ne faites pas l\u2019impasse sur le r\u00e9f\u00e9rencement g\u00e9o-local. Appara\u00eetre dans les r\u00e9sultats d\u2019une recherche g\u00e9olocalis\u00e9e est un enjeu majeur pour votre activit\u00e9 et repr\u00e9sente une bonne chose<br \/><a class=\"moretag\" href=\"https:\/\/www.xookom.com\/?page_id=709\">+ Read More<\/a><\/p>\n","protected":false},"author":3,"featured_media":0,"parent":707,"menu_order":0,"comment_status":"closed","ping_status":"closed","template":"templates\/page-nosidebar_template.php","meta":{"footnotes":""},"class_list":["post-709","page","type-page","status-publish","hentry"],"_links":{"self":[{"href":"https:\/\/www.xookom.com\/index.php?rest_route=\/wp\/v2\/pages\/709","targetHints":{"allow":["GET"]}}],"collection":[{"href":"https:\/\/www.xookom.com\/index.php?rest_route=\/wp\/v2\/pages"}],"about":[{"href":"https:\/\/www.xookom.com\/index.php?rest_route=\/wp\/v2\/types\/page"}],"author":[{"embeddable":true,"href":"https:\/\/www.xookom.com\/index.php?rest_route=\/wp\/v2\/users\/3"}],"replies":[{"embeddable":true,"href":"https:\/\/www.xookom.com\/index.php?rest_route=%2Fwp%2Fv2%2Fcomments&post=709"}],"version-history":[{"count":10,"href":"https:\/\/www.xookom.com\/index.php?rest_route=\/wp\/v2\/pages\/709\/revisions"}],"predecessor-version":[{"id":899,"href":"https:\/\/www.xookom.com\/index.php?rest_route=\/wp\/v2\/pages\/709\/revisions\/899"}],"up":[{"embeddable":true,"href":"https:\/\/www.xookom.com\/index.php?rest_route=\/wp\/v2\/pages\/707"}],"wp:attachment":[{"href":"https:\/\/www.xookom.com\/index.php?rest_route=%2Fwp%2Fv2%2Fmedia&parent=709"}],"curies":[{"name":"wp","href":"https:\/\/api.w.org\/{rel}","templated":true}]}}