{"id":715,"date":"2022-05-16T15:41:59","date_gmt":"2022-05-16T13:41:59","guid":{"rendered":"http:\/\/xookom.com\/?page_id=715"},"modified":"2023-03-12T21:55:38","modified_gmt":"2023-03-12T20:55:38","slug":"referencement-payant","status":"publish","type":"page","link":"https:\/\/www.xookom.com\/?page_id=715","title":{"rendered":"R\u00e9f\u00e9rencement payant"},"content":{"rendered":"\t\t<div data-elementor-type=\"wp-page\" data-elementor-id=\"715\" class=\"elementor elementor-715\">\n\t\t\t\t\t\t<section class=\"elementor-section elementor-top-section elementor-element elementor-element-49262ec elementor-section-boxed elementor-section-height-default elementor-section-height-default\" data-id=\"49262ec\" data-element_type=\"section\">\n\t\t\t\t\t\t<div class=\"elementor-container elementor-column-gap-default\">\n\t\t\t\t\t<div class=\"elementor-column elementor-col-100 elementor-top-column elementor-element elementor-element-97ef304\" data-id=\"97ef304\" data-element_type=\"column\">\n\t\t\t<div class=\"elementor-widget-wrap elementor-element-populated\">\n\t\t\t\t\t\t<div class=\"elementor-element elementor-element-e66015f elementor-widget elementor-widget-image\" data-id=\"e66015f\" data-element_type=\"widget\" data-widget_type=\"image.default\">\n\t\t\t\t<div class=\"elementor-widget-container\">\n\t\t\t\t\t\t\t\t\t\t\t\t\t<img fetchpriority=\"high\" decoding=\"async\" width=\"1024\" height=\"622\" src=\"https:\/\/www.xookom.com\/wp-content\/uploads\/2023\/03\/referencement-payant-SEA-1024x622.jpg\" class=\"attachment-large size-large wp-image-916\" alt=\"\" srcset=\"https:\/\/www.xookom.com\/wp-content\/uploads\/2023\/03\/referencement-payant-SEA-1024x622.jpg 1024w, https:\/\/www.xookom.com\/wp-content\/uploads\/2023\/03\/referencement-payant-SEA-300x182.jpg 300w, https:\/\/www.xookom.com\/wp-content\/uploads\/2023\/03\/referencement-payant-SEA-768x467.jpg 768w, https:\/\/www.xookom.com\/wp-content\/uploads\/2023\/03\/referencement-payant-SEA-1536x933.jpg 1536w, https:\/\/www.xookom.com\/wp-content\/uploads\/2023\/03\/referencement-payant-SEA-2048x1245.jpg 2048w\" sizes=\"(max-width: 1024px) 100vw, 1024px\" \/>\t\t\t\t\t\t\t\t\t\t\t\t\t<\/div>\n\t\t\t\t<\/div>\n\t\t\t\t<div class=\"elementor-element elementor-element-80e8af6 elementor-widget elementor-widget-text-editor\" data-id=\"80e8af6\" data-element_type=\"widget\" data-widget_type=\"text-editor.default\">\n\t\t\t\t<div class=\"elementor-widget-container\">\n\t\t\t\t\t\t\t<p>Pour gagner en visibilit\u00e9 sur Internet, un site web peut avoir recours \u00e0 diff\u00e9rentes techniques de r\u00e9f\u00e9rencement. Le SEA fait partie de ces techniques qui visent \u00e0 atteindre la premi\u00e8re page des r\u00e9sultats de recherche sur Google.<\/p>\t\t\t\t\t\t<\/div>\n\t\t\t\t<\/div>\n\t\t\t\t\t<\/div>\n\t\t<\/div>\n\t\t\t\t\t<\/div>\n\t\t<\/section>\n\t\t\t\t<\/div>\n\t\t","protected":false},"excerpt":{"rendered":"<p>Pour gagner en visibilit\u00e9 sur Internet, un site web peut avoir recours \u00e0 diff\u00e9rentes techniques de r\u00e9f\u00e9rencement. Le SEA fait partie de ces techniques qui visent \u00e0 atteindre la premi\u00e8re page des r\u00e9sultats de recherche sur Google.<\/p>\n","protected":false},"author":3,"featured_media":0,"parent":0,"menu_order":0,"comment_status":"closed","ping_status":"closed","template":"templates\/page-nosidebar_template.php","meta":{"footnotes":""},"class_list":["post-715","page","type-page","status-publish","hentry"],"_links":{"self":[{"href":"https:\/\/www.xookom.com\/index.php?rest_route=\/wp\/v2\/pages\/715","targetHints":{"allow":["GET"]}}],"collection":[{"href":"https:\/\/www.xookom.com\/index.php?rest_route=\/wp\/v2\/pages"}],"about":[{"href":"https:\/\/www.xookom.com\/index.php?rest_route=\/wp\/v2\/types\/page"}],"author":[{"embeddable":true,"href":"https:\/\/www.xookom.com\/index.php?rest_route=\/wp\/v2\/users\/3"}],"replies":[{"embeddable":true,"href":"https:\/\/www.xookom.com\/index.php?rest_route=%2Fwp%2Fv2%2Fcomments&post=715"}],"version-history":[{"count":4,"href":"https:\/\/www.xookom.com\/index.php?rest_route=\/wp\/v2\/pages\/715\/revisions"}],"predecessor-version":[{"id":919,"href":"https:\/\/www.xookom.com\/index.php?rest_route=\/wp\/v2\/pages\/715\/revisions\/919"}],"wp:attachment":[{"href":"https:\/\/www.xookom.com\/index.php?rest_route=%2Fwp%2Fv2%2Fmedia&parent=715"}],"curies":[{"name":"wp","href":"https:\/\/api.w.org\/{rel}","templated":true}]}}